{"id":6329,"date":"2024-05-27T09:23:28","date_gmt":"2024-05-27T13:23:28","guid":{"rendered":"https:\/\/resources.purolator.com\/?page_id=6329"},"modified":"2024-05-27T11:30:42","modified_gmt":"2024-05-27T15:30:42","slug":"merci-de-votre-demande-mexican-manufacturing-opportunities-whitepaper","status":"publish","type":"page","link":"https:\/\/resources.purolator.com\/fr\/merci-de-votre-demande-mexican-manufacturing-opportunities-whitepaper\/","title":{"rendered":"Merci de votre demande!"},"content":{"rendered":"","protected":false},"excerpt":{"rendered":"","protected":false},"author":14,"featured_media":6331,"parent":0,"menu_order":0,"comment_status":"closed","ping_status":"closed","template":"page-templates\/template-pages-landing.php","meta":{"_acf_changed":false,"inline_featured_image":false,"footnotes":""},"class_list":["post-6329","page","type-page","status-publish","has-post-thumbnail","hentry"],"acf":[],"yoast_head":"<!-- This site is optimized with the Yoast SEO plugin v27.3 - https:\/\/yoast.com\/product\/yoast-seo-wordpress\/ -->\n<title>Merci de votre demande! | Purolator<\/title>\n<meta name=\"description\" content=\"D\u00e9couvrez les complexit\u00e9s du transport de marchandises du Mexique vers le Canada dans un contexte de production en pleine \u00e9volution. D\u00e9couvrez diff\u00e9rents aspects cl\u00e9s \u00e0 prendre en compte, les obstacles qui peuvent se pr\u00e9senter et tout le savoir-faire mis en \u0153uvre par Purolator pour assurer une logistique fluide.\" \/>\n<meta name=\"robots\" content=\"index, follow, max-snippet:-1, max-image-preview:large, max-video-preview:-1\" \/>\n<link rel=\"canonical\" href=\"https:\/\/resources.purolator.com\/fr\/merci-de-votre-demande-mexican-manufacturing-opportunities-whitepaper\/\" \/>\n<meta property=\"og:locale\" content=\"fr_FR\" \/>\n<meta property=\"og:type\" content=\"article\" \/>\n<meta property=\"og:title\" content=\"Merci de votre demande! | Purolator\" \/>\n<meta property=\"og:description\" content=\"D\u00e9couvrez les complexit\u00e9s du transport de marchandises du Mexique vers le Canada dans un contexte de production en pleine \u00e9volution. D\u00e9couvrez diff\u00e9rents aspects cl\u00e9s \u00e0 prendre en compte, les obstacles qui peuvent se pr\u00e9senter et tout le savoir-faire mis en \u0153uvre par Purolator pour assurer une logistique fluide.\" \/>\n<meta property=\"og:url\" content=\"https:\/\/resources.purolator.com\/fr\/merci-de-votre-demande-mexican-manufacturing-opportunities-whitepaper\/\" \/>\n<meta property=\"og:site_name\" content=\"Purolator\" \/>\n<meta property=\"article:publisher\" content=\"https:\/\/www.facebook.com\/PurolatorInc\" \/>\n<meta property=\"article:modified_time\" content=\"2024-05-27T15:30:42+00:00\" \/>\n<meta property=\"og:image\" content=\"https:\/\/resources.purolator.com\/wp-content\/uploads\/2024\/05\/Untitled-scaled.jpg\" \/>\n\t<meta property=\"og:image:width\" content=\"2560\" \/>\n\t<meta property=\"og:image:height\" content=\"1263\" \/>\n\t<meta property=\"og:image:type\" content=\"image\/jpeg\" \/>\n<meta name=\"twitter:card\" content=\"summary_large_image\" \/>\n<meta name=\"twitter:site\" content=\"@PurolatorInc\" \/>\n<!-- \/ Yoast SEO plugin. -->","yoast_head_json":{"title":"Merci de votre demande! | Purolator","description":"D\u00e9couvrez les complexit\u00e9s du transport de marchandises du Mexique vers le Canada dans un contexte de production en pleine \u00e9volution. D\u00e9couvrez diff\u00e9rents aspects cl\u00e9s \u00e0 prendre en compte, les obstacles qui peuvent se pr\u00e9senter et tout le savoir-faire mis en \u0153uvre par Purolator pour assurer une logistique fluide.","robots":{"index":"index","follow":"follow","max-snippet":"max-snippet:-1","max-image-preview":"max-image-preview:large","max-video-preview":"max-video-preview:-1"},"canonical":"https:\/\/resources.purolator.com\/fr\/merci-de-votre-demande-mexican-manufacturing-opportunities-whitepaper\/","og_locale":"fr_FR","og_type":"article","og_title":"Merci de votre demande! | Purolator","og_description":"D\u00e9couvrez les complexit\u00e9s du transport de marchandises du Mexique vers le Canada dans un contexte de production en pleine \u00e9volution. D\u00e9couvrez diff\u00e9rents aspects cl\u00e9s \u00e0 prendre en compte, les obstacles qui peuvent se pr\u00e9senter et tout le savoir-faire mis en \u0153uvre par Purolator pour assurer une logistique fluide.","og_url":"https:\/\/resources.purolator.com\/fr\/merci-de-votre-demande-mexican-manufacturing-opportunities-whitepaper\/","og_site_name":"Purolator","article_publisher":"https:\/\/www.facebook.com\/PurolatorInc","article_modified_time":"2024-05-27T15:30:42+00:00","og_image":[{"width":2560,"height":1263,"url":"https:\/\/resources.purolator.com\/wp-content\/uploads\/2024\/05\/Untitled-scaled.jpg","type":"image\/jpeg"}],"twitter_card":"summary_large_image","twitter_site":"@PurolatorInc","schema":{"@context":"https:\/\/schema.org","@graph":[{"@type":"WebPage","@id":"https:\/\/resources.purolator.com\/fr\/merci-de-votre-demande-mexican-manufacturing-opportunities-whitepaper\/","url":"https:\/\/resources.purolator.com\/fr\/merci-de-votre-demande-mexican-manufacturing-opportunities-whitepaper\/","name":"Merci de votre demande! | Purolator","isPartOf":{"@id":"https:\/\/resources.purolator.com\/fr\/#website"},"primaryImageOfPage":{"@id":"https:\/\/resources.purolator.com\/fr\/merci-de-votre-demande-mexican-manufacturing-opportunities-whitepaper\/#primaryimage"},"image":{"@id":"https:\/\/resources.purolator.com\/fr\/merci-de-votre-demande-mexican-manufacturing-opportunities-whitepaper\/#primaryimage"},"thumbnailUrl":"https:\/\/resources.purolator.com\/wp-content\/uploads\/2024\/05\/Untitled-scaled.jpg","datePublished":"2024-05-27T13:23:28+00:00","dateModified":"2024-05-27T15:30:42+00:00","description":"D\u00e9couvrez les complexit\u00e9s du transport de marchandises du Mexique vers le Canada dans un contexte de production en pleine \u00e9volution. D\u00e9couvrez diff\u00e9rents aspects cl\u00e9s \u00e0 prendre en compte, les obstacles qui peuvent se pr\u00e9senter et tout le savoir-faire mis en \u0153uvre par Purolator pour assurer une logistique fluide.","breadcrumb":{"@id":"https:\/\/resources.purolator.com\/fr\/merci-de-votre-demande-mexican-manufacturing-opportunities-whitepaper\/#breadcrumb"},"inLanguage":"fr-FR","potentialAction":[{"@type":"ReadAction","target":["https:\/\/resources.purolator.com\/fr\/merci-de-votre-demande-mexican-manufacturing-opportunities-whitepaper\/"]}]},{"@type":"ImageObject","inLanguage":"fr-FR","@id":"https:\/\/resources.purolator.com\/fr\/merci-de-votre-demande-mexican-manufacturing-opportunities-whitepaper\/#primaryimage","url":"https:\/\/resources.purolator.com\/wp-content\/uploads\/2024\/05\/Untitled-scaled.jpg","contentUrl":"https:\/\/resources.purolator.com\/wp-content\/uploads\/2024\/05\/Untitled-scaled.jpg","width":2560,"height":1263,"caption":"Mexico to Canada shipping"},{"@type":"BreadcrumbList","@id":"https:\/\/resources.purolator.com\/fr\/merci-de-votre-demande-mexican-manufacturing-opportunities-whitepaper\/#breadcrumb","itemListElement":[{"@type":"ListItem","position":1,"name":"Home","item":"https:\/\/resources.purolator.com\/fr\/"},{"@type":"ListItem","position":2,"name":"Merci de votre demande!"}]},{"@type":"WebSite","@id":"https:\/\/resources.purolator.com\/fr\/#website","url":"https:\/\/resources.purolator.com\/fr\/","name":"Purolator","description":"","publisher":{"@id":"https:\/\/resources.purolator.com\/fr\/#organization"},"potentialAction":[{"@type":"SearchAction","target":{"@type":"EntryPoint","urlTemplate":"https:\/\/resources.purolator.com\/fr\/?s={search_term_string}"},"query-input":{"@type":"PropertyValueSpecification","valueRequired":true,"valueName":"search_term_string"}}],"inLanguage":"fr-FR"},{"@type":"Organization","@id":"https:\/\/resources.purolator.com\/fr\/#organization","name":"Purolator","url":"https:\/\/resources.purolator.com\/fr\/","logo":{"@type":"ImageObject","inLanguage":"fr-FR","@id":"https:\/\/resources.purolator.com\/fr\/#\/schema\/logo\/image\/","url":"https:\/\/resources.purolator.com\/wp-content\/uploads\/2019\/10\/Purolator-NRS-rgb_JPEG-format.jpg","contentUrl":"https:\/\/resources.purolator.com\/wp-content\/uploads\/2019\/10\/Purolator-NRS-rgb_JPEG-format.jpg","width":393,"height":54,"caption":"Purolator"},"image":{"@id":"https:\/\/resources.purolator.com\/fr\/#\/schema\/logo\/image\/"},"sameAs":["https:\/\/www.facebook.com\/PurolatorInc","https:\/\/x.com\/PurolatorInc","https:\/\/instagram.com\/purolatorinc","https:\/\/www.linkedin.com\/company\/8948"]}]}},"wpml_current_locale":"fr_FR","wpml_translations":{"en_US":{"locale":"en_US","id":6328,"slug":"thank-you-for-your-request-mexican-manufacturing-opportunities-whitepaper","post_title":"Thank you for your request!","href":"https:\/\/resources.purolator.com\/thank-you-for-your-request-mexican-manufacturing-opportunities-whitepaper\/"},"fr_FR":{"locale":"fr_FR","id":6329,"slug":"merci-de-votre-demande-mexican-manufacturing-opportunities-whitepaper","post_title":"Merci de votre demande!","href":"https:\/\/resources.purolator.com\/fr\/merci-de-votre-demande-mexican-manufacturing-opportunities-whitepaper\/"}},"_links":{"self":[{"href":"https:\/\/resources.purolator.com\/fr\/wp-json\/wp\/v2\/pages\/6329","targetHints":{"allow":["GET"]}}],"collection":[{"href":"https:\/\/resources.purolator.com\/fr\/wp-json\/wp\/v2\/pages"}],"about":[{"href":"https:\/\/resources.purolator.com\/fr\/wp-json\/wp\/v2\/types\/page"}],"author":[{"embeddable":true,"href":"https:\/\/resources.purolator.com\/fr\/wp-json\/wp\/v2\/users\/14"}],"replies":[{"embeddable":true,"href":"https:\/\/resources.purolator.com\/fr\/wp-json\/wp\/v2\/comments?post=6329"}],"version-history":[{"count":0,"href":"https:\/\/resources.purolator.com\/fr\/wp-json\/wp\/v2\/pages\/6329\/revisions"}],"wp:featuredmedia":[{"embeddable":true,"href":"https:\/\/resources.purolator.com\/fr\/wp-json\/wp\/v2\/media\/6331"}],"wp:attachment":[{"href":"https:\/\/resources.purolator.com\/fr\/wp-json\/wp\/v2\/media?parent=6329"}],"curies":[{"name":"wp","href":"https:\/\/api.w.org\/{rel}","templated":true}]}}