{"id":6337,"date":"2024-05-27T11:29:18","date_gmt":"2024-05-27T15:29:18","guid":{"rendered":"https:\/\/resources.purolator.com\/?page_id=6337"},"modified":"2024-05-27T12:08:23","modified_gmt":"2024-05-27T16:08:23","slug":"merci-de-votre-demande-how-safe-are-your-shipments-whitepaper","status":"publish","type":"page","link":"https:\/\/resources.purolator.com\/fr\/merci-de-votre-demande-how-safe-are-your-shipments-whitepaper\/","title":{"rendered":"Merci de votre demande!"},"content":{"rendered":"","protected":false},"excerpt":{"rendered":"","protected":false},"author":14,"featured_media":6342,"parent":0,"menu_order":0,"comment_status":"closed","ping_status":"closed","template":"page-templates\/template-pages-landing.php","meta":{"_acf_changed":false,"inline_featured_image":false,"footnotes":""},"class_list":["post-6337","page","type-page","status-publish","has-post-thumbnail","hentry"],"acf":[],"yoast_head":"<!-- This site is optimized with the Yoast SEO plugin v27.3 - https:\/\/yoast.com\/product\/yoast-seo-wordpress\/ -->\n<title>Merci de votre demande! | Purolator<\/title>\n<meta name=\"description\" content=\"Apprenez-en davantage sur la hausse alarmante du nombre de vols d\u2019envois et sur les cyberattaques visant les entreprises, qui co\u00fbtent plus de 223 millions de dollars par an. Obtenez des conseils pratiques pour prot\u00e9ger votre cha\u00eene d\u2019approvisionnement et r\u00e9duire les risques.\" \/>\n<meta name=\"robots\" content=\"index, follow, max-snippet:-1, max-image-preview:large, max-video-preview:-1\" \/>\n<link rel=\"canonical\" href=\"https:\/\/resources.purolator.com\/fr\/merci-de-votre-demande-how-safe-are-your-shipments-whitepaper\/\" \/>\n<meta property=\"og:locale\" content=\"fr_FR\" \/>\n<meta property=\"og:type\" content=\"article\" \/>\n<meta property=\"og:title\" content=\"Merci de votre demande! | Purolator\" \/>\n<meta property=\"og:description\" content=\"Apprenez-en davantage sur la hausse alarmante du nombre de vols d\u2019envois et sur les cyberattaques visant les entreprises, qui co\u00fbtent plus de 223 millions de dollars par an. Obtenez des conseils pratiques pour prot\u00e9ger votre cha\u00eene d\u2019approvisionnement et r\u00e9duire les risques.\" \/>\n<meta property=\"og:url\" content=\"https:\/\/resources.purolator.com\/fr\/merci-de-votre-demande-how-safe-are-your-shipments-whitepaper\/\" \/>\n<meta property=\"og:site_name\" content=\"Purolator\" \/>\n<meta property=\"article:publisher\" content=\"https:\/\/www.facebook.com\/PurolatorInc\" \/>\n<meta property=\"article:modified_time\" content=\"2024-05-27T16:08:23+00:00\" \/>\n<meta property=\"og:image\" content=\"https:\/\/resources.purolator.com\/wp-content\/uploads\/2024\/05\/How-Safe-Are-Your-Shipments-Hero-Image-scaled.jpg\" \/>\n\t<meta property=\"og:image:width\" content=\"2560\" \/>\n\t<meta property=\"og:image:height\" content=\"1575\" \/>\n\t<meta property=\"og:image:type\" content=\"image\/jpeg\" \/>\n<meta name=\"twitter:card\" content=\"summary_large_image\" \/>\n<meta name=\"twitter:site\" content=\"@PurolatorInc\" \/>\n<!-- \/ Yoast SEO plugin. -->","yoast_head_json":{"title":"Merci de votre demande! | Purolator","description":"Apprenez-en davantage sur la hausse alarmante du nombre de vols d\u2019envois et sur les cyberattaques visant les entreprises, qui co\u00fbtent plus de 223 millions de dollars par an. Obtenez des conseils pratiques pour prot\u00e9ger votre cha\u00eene d\u2019approvisionnement et r\u00e9duire les risques.","robots":{"index":"index","follow":"follow","max-snippet":"max-snippet:-1","max-image-preview":"max-image-preview:large","max-video-preview":"max-video-preview:-1"},"canonical":"https:\/\/resources.purolator.com\/fr\/merci-de-votre-demande-how-safe-are-your-shipments-whitepaper\/","og_locale":"fr_FR","og_type":"article","og_title":"Merci de votre demande! | Purolator","og_description":"Apprenez-en davantage sur la hausse alarmante du nombre de vols d\u2019envois et sur les cyberattaques visant les entreprises, qui co\u00fbtent plus de 223 millions de dollars par an. Obtenez des conseils pratiques pour prot\u00e9ger votre cha\u00eene d\u2019approvisionnement et r\u00e9duire les risques.","og_url":"https:\/\/resources.purolator.com\/fr\/merci-de-votre-demande-how-safe-are-your-shipments-whitepaper\/","og_site_name":"Purolator","article_publisher":"https:\/\/www.facebook.com\/PurolatorInc","article_modified_time":"2024-05-27T16:08:23+00:00","og_image":[{"width":2560,"height":1575,"url":"https:\/\/resources.purolator.com\/wp-content\/uploads\/2024\/05\/How-Safe-Are-Your-Shipments-Hero-Image-scaled.jpg","type":"image\/jpeg"}],"twitter_card":"summary_large_image","twitter_site":"@PurolatorInc","schema":{"@context":"https:\/\/schema.org","@graph":[{"@type":"WebPage","@id":"https:\/\/resources.purolator.com\/fr\/merci-de-votre-demande-how-safe-are-your-shipments-whitepaper\/","url":"https:\/\/resources.purolator.com\/fr\/merci-de-votre-demande-how-safe-are-your-shipments-whitepaper\/","name":"Merci de votre demande! | Purolator","isPartOf":{"@id":"https:\/\/resources.purolator.com\/fr\/#website"},"primaryImageOfPage":{"@id":"https:\/\/resources.purolator.com\/fr\/merci-de-votre-demande-how-safe-are-your-shipments-whitepaper\/#primaryimage"},"image":{"@id":"https:\/\/resources.purolator.com\/fr\/merci-de-votre-demande-how-safe-are-your-shipments-whitepaper\/#primaryimage"},"thumbnailUrl":"https:\/\/resources.purolator.com\/wp-content\/uploads\/2024\/05\/How-Safe-Are-Your-Shipments-Hero-Image-scaled.jpg","datePublished":"2024-05-27T15:29:18+00:00","dateModified":"2024-05-27T16:08:23+00:00","description":"Apprenez-en davantage sur la hausse alarmante du nombre de vols d\u2019envois et sur les cyberattaques visant les entreprises, qui co\u00fbtent plus de 223 millions de dollars par an. Obtenez des conseils pratiques pour prot\u00e9ger votre cha\u00eene d\u2019approvisionnement et r\u00e9duire les risques.","breadcrumb":{"@id":"https:\/\/resources.purolator.com\/fr\/merci-de-votre-demande-how-safe-are-your-shipments-whitepaper\/#breadcrumb"},"inLanguage":"fr-FR","potentialAction":[{"@type":"ReadAction","target":["https:\/\/resources.purolator.com\/fr\/merci-de-votre-demande-how-safe-are-your-shipments-whitepaper\/"]}]},{"@type":"ImageObject","inLanguage":"fr-FR","@id":"https:\/\/resources.purolator.com\/fr\/merci-de-votre-demande-how-safe-are-your-shipments-whitepaper\/#primaryimage","url":"https:\/\/resources.purolator.com\/wp-content\/uploads\/2024\/05\/How-Safe-Are-Your-Shipments-Hero-Image-scaled.jpg","contentUrl":"https:\/\/resources.purolator.com\/wp-content\/uploads\/2024\/05\/How-Safe-Are-Your-Shipments-Hero-Image-scaled.jpg","width":2560,"height":1575},{"@type":"BreadcrumbList","@id":"https:\/\/resources.purolator.com\/fr\/merci-de-votre-demande-how-safe-are-your-shipments-whitepaper\/#breadcrumb","itemListElement":[{"@type":"ListItem","position":1,"name":"Home","item":"https:\/\/resources.purolator.com\/fr\/"},{"@type":"ListItem","position":2,"name":"Merci de votre demande!"}]},{"@type":"WebSite","@id":"https:\/\/resources.purolator.com\/fr\/#website","url":"https:\/\/resources.purolator.com\/fr\/","name":"Purolator","description":"","publisher":{"@id":"https:\/\/resources.purolator.com\/fr\/#organization"},"potentialAction":[{"@type":"SearchAction","target":{"@type":"EntryPoint","urlTemplate":"https:\/\/resources.purolator.com\/fr\/?s={search_term_string}"},"query-input":{"@type":"PropertyValueSpecification","valueRequired":true,"valueName":"search_term_string"}}],"inLanguage":"fr-FR"},{"@type":"Organization","@id":"https:\/\/resources.purolator.com\/fr\/#organization","name":"Purolator","url":"https:\/\/resources.purolator.com\/fr\/","logo":{"@type":"ImageObject","inLanguage":"fr-FR","@id":"https:\/\/resources.purolator.com\/fr\/#\/schema\/logo\/image\/","url":"https:\/\/resources.purolator.com\/wp-content\/uploads\/2019\/10\/Purolator-NRS-rgb_JPEG-format.jpg","contentUrl":"https:\/\/resources.purolator.com\/wp-content\/uploads\/2019\/10\/Purolator-NRS-rgb_JPEG-format.jpg","width":393,"height":54,"caption":"Purolator"},"image":{"@id":"https:\/\/resources.purolator.com\/fr\/#\/schema\/logo\/image\/"},"sameAs":["https:\/\/www.facebook.com\/PurolatorInc","https:\/\/x.com\/PurolatorInc","https:\/\/instagram.com\/purolatorinc","https:\/\/www.linkedin.com\/company\/8948"]}]}},"wpml_current_locale":"fr_FR","wpml_translations":{"en_US":[],"fr_FR":{"locale":"fr_FR","id":6337,"slug":"merci-de-votre-demande-how-safe-are-your-shipments-whitepaper","post_title":"Merci de votre demande!","href":"https:\/\/resources.purolator.com\/fr\/merci-de-votre-demande-how-safe-are-your-shipments-whitepaper\/"}},"_links":{"self":[{"href":"https:\/\/resources.purolator.com\/fr\/wp-json\/wp\/v2\/pages\/6337","targetHints":{"allow":["GET"]}}],"collection":[{"href":"https:\/\/resources.purolator.com\/fr\/wp-json\/wp\/v2\/pages"}],"about":[{"href":"https:\/\/resources.purolator.com\/fr\/wp-json\/wp\/v2\/types\/page"}],"author":[{"embeddable":true,"href":"https:\/\/resources.purolator.com\/fr\/wp-json\/wp\/v2\/users\/14"}],"replies":[{"embeddable":true,"href":"https:\/\/resources.purolator.com\/fr\/wp-json\/wp\/v2\/comments?post=6337"}],"version-history":[{"count":0,"href":"https:\/\/resources.purolator.com\/fr\/wp-json\/wp\/v2\/pages\/6337\/revisions"}],"wp:featuredmedia":[{"embeddable":true,"href":"https:\/\/resources.purolator.com\/fr\/wp-json\/wp\/v2\/media\/6342"}],"wp:attachment":[{"href":"https:\/\/resources.purolator.com\/fr\/wp-json\/wp\/v2\/media?parent=6337"}],"curies":[{"name":"wp","href":"https:\/\/api.w.org\/{rel}","templated":true}]}}