{"id":6939,"date":"2025-01-13T11:39:26","date_gmt":"2025-01-13T16:39:26","guid":{"rendered":"https:\/\/resources.purolator.com\/?page_id=6939"},"modified":"2025-01-13T11:39:26","modified_gmt":"2025-01-13T16:39:26","slug":"merci-de-votre-demande-pga-cross-border-compliance-whitepaper","status":"publish","type":"page","link":"https:\/\/resources.purolator.com\/fr\/merci-de-votre-demande-pga-cross-border-compliance-whitepaper\/","title":{"rendered":"Merci de votre demande!"},"content":{"rendered":"","protected":false},"excerpt":{"rendered":"","protected":false},"author":14,"featured_media":6933,"parent":0,"menu_order":0,"comment_status":"closed","ping_status":"closed","template":"page-templates\/template-pages-landing.php","meta":{"_acf_changed":false,"inline_featured_image":false,"footnotes":""},"class_list":["post-6939","page","type-page","status-publish","has-post-thumbnail","hentry"],"acf":[],"yoast_head":"<!-- This site is optimized with the Yoast SEO plugin v27.3 - https:\/\/yoast.com\/product\/yoast-seo-wordpress\/ -->\n<title>Merci de votre demande! | Purolator<\/title>\n<meta name=\"description\" content=\"Les AGP ou les autres minist\u00e8res imposent des exigences obligatoires en mati\u00e8re d\u2019importation et d\u2019exportation. Pour en savoir plus sur la conformit\u00e9 douani\u00e8re transfrontali\u00e8re.\" \/>\n<meta name=\"robots\" content=\"index, follow, max-snippet:-1, max-image-preview:large, max-video-preview:-1\" \/>\n<link rel=\"canonical\" href=\"https:\/\/resources.purolator.com\/fr\/merci-de-votre-demande-pga-cross-border-compliance-whitepaper\/\" \/>\n<meta property=\"og:locale\" content=\"fr_FR\" \/>\n<meta property=\"og:type\" content=\"article\" \/>\n<meta property=\"og:title\" content=\"Merci de votre demande! | Purolator\" \/>\n<meta property=\"og:description\" content=\"Les AGP ou les autres minist\u00e8res imposent des exigences obligatoires en mati\u00e8re d\u2019importation et d\u2019exportation. Pour en savoir plus sur la conformit\u00e9 douani\u00e8re transfrontali\u00e8re.\" \/>\n<meta property=\"og:url\" content=\"https:\/\/resources.purolator.com\/fr\/merci-de-votre-demande-pga-cross-border-compliance-whitepaper\/\" \/>\n<meta property=\"og:site_name\" content=\"Purolator\" \/>\n<meta property=\"article:publisher\" content=\"https:\/\/www.facebook.com\/PurolatorInc\" \/>\n<meta property=\"og:image\" content=\"https:\/\/resources.purolator.com\/wp-content\/uploads\/2025\/01\/shutterstock_122970649-scaled.jpg\" \/>\n\t<meta property=\"og:image:width\" content=\"2560\" \/>\n\t<meta property=\"og:image:height\" content=\"1707\" \/>\n\t<meta property=\"og:image:type\" content=\"image\/jpeg\" \/>\n<meta name=\"twitter:card\" content=\"summary_large_image\" \/>\n<meta name=\"twitter:site\" content=\"@PurolatorInc\" \/>\n<meta name=\"twitter:label1\" content=\"Dur\u00e9e de lecture estim\u00e9e\" \/>\n\t<meta name=\"twitter:data1\" content=\"1 minute\" \/>\n<!-- \/ Yoast SEO plugin. -->","yoast_head_json":{"title":"Merci de votre demande! | Purolator","description":"Les AGP ou les autres minist\u00e8res imposent des exigences obligatoires en mati\u00e8re d\u2019importation et d\u2019exportation. Pour en savoir plus sur la conformit\u00e9 douani\u00e8re transfrontali\u00e8re.","robots":{"index":"index","follow":"follow","max-snippet":"max-snippet:-1","max-image-preview":"max-image-preview:large","max-video-preview":"max-video-preview:-1"},"canonical":"https:\/\/resources.purolator.com\/fr\/merci-de-votre-demande-pga-cross-border-compliance-whitepaper\/","og_locale":"fr_FR","og_type":"article","og_title":"Merci de votre demande! | Purolator","og_description":"Les AGP ou les autres minist\u00e8res imposent des exigences obligatoires en mati\u00e8re d\u2019importation et d\u2019exportation. Pour en savoir plus sur la conformit\u00e9 douani\u00e8re transfrontali\u00e8re.","og_url":"https:\/\/resources.purolator.com\/fr\/merci-de-votre-demande-pga-cross-border-compliance-whitepaper\/","og_site_name":"Purolator","article_publisher":"https:\/\/www.facebook.com\/PurolatorInc","og_image":[{"width":2560,"height":1707,"url":"https:\/\/resources.purolator.com\/wp-content\/uploads\/2025\/01\/shutterstock_122970649-scaled.jpg","type":"image\/jpeg"}],"twitter_card":"summary_large_image","twitter_site":"@PurolatorInc","twitter_misc":{"Dur\u00e9e de lecture estim\u00e9e":"1 minute"},"schema":{"@context":"https:\/\/schema.org","@graph":[{"@type":"WebPage","@id":"https:\/\/resources.purolator.com\/fr\/merci-de-votre-demande-pga-cross-border-compliance-whitepaper\/","url":"https:\/\/resources.purolator.com\/fr\/merci-de-votre-demande-pga-cross-border-compliance-whitepaper\/","name":"Merci de votre demande! | Purolator","isPartOf":{"@id":"https:\/\/resources.purolator.com\/fr\/#website"},"primaryImageOfPage":{"@id":"https:\/\/resources.purolator.com\/fr\/merci-de-votre-demande-pga-cross-border-compliance-whitepaper\/#primaryimage"},"image":{"@id":"https:\/\/resources.purolator.com\/fr\/merci-de-votre-demande-pga-cross-border-compliance-whitepaper\/#primaryimage"},"thumbnailUrl":"https:\/\/resources.purolator.com\/wp-content\/uploads\/2025\/01\/shutterstock_122970649-scaled.jpg","datePublished":"2025-01-13T16:39:26+00:00","description":"Les AGP ou les autres minist\u00e8res imposent des exigences obligatoires en mati\u00e8re d\u2019importation et d\u2019exportation. Pour en savoir plus sur la conformit\u00e9 douani\u00e8re transfrontali\u00e8re.","breadcrumb":{"@id":"https:\/\/resources.purolator.com\/fr\/merci-de-votre-demande-pga-cross-border-compliance-whitepaper\/#breadcrumb"},"inLanguage":"fr-FR","potentialAction":[{"@type":"ReadAction","target":["https:\/\/resources.purolator.com\/fr\/merci-de-votre-demande-pga-cross-border-compliance-whitepaper\/"]}]},{"@type":"ImageObject","inLanguage":"fr-FR","@id":"https:\/\/resources.purolator.com\/fr\/merci-de-votre-demande-pga-cross-border-compliance-whitepaper\/#primaryimage","url":"https:\/\/resources.purolator.com\/wp-content\/uploads\/2025\/01\/shutterstock_122970649-scaled.jpg","contentUrl":"https:\/\/resources.purolator.com\/wp-content\/uploads\/2025\/01\/shutterstock_122970649-scaled.jpg","width":2560,"height":1707,"caption":"bridge crossing"},{"@type":"BreadcrumbList","@id":"https:\/\/resources.purolator.com\/fr\/merci-de-votre-demande-pga-cross-border-compliance-whitepaper\/#breadcrumb","itemListElement":[{"@type":"ListItem","position":1,"name":"Home","item":"https:\/\/resources.purolator.com\/fr\/"},{"@type":"ListItem","position":2,"name":"Merci de votre demande!"}]},{"@type":"WebSite","@id":"https:\/\/resources.purolator.com\/fr\/#website","url":"https:\/\/resources.purolator.com\/fr\/","name":"Purolator","description":"","publisher":{"@id":"https:\/\/resources.purolator.com\/fr\/#organization"},"potentialAction":[{"@type":"SearchAction","target":{"@type":"EntryPoint","urlTemplate":"https:\/\/resources.purolator.com\/fr\/?s={search_term_string}"},"query-input":{"@type":"PropertyValueSpecification","valueRequired":true,"valueName":"search_term_string"}}],"inLanguage":"fr-FR"},{"@type":"Organization","@id":"https:\/\/resources.purolator.com\/fr\/#organization","name":"Purolator","url":"https:\/\/resources.purolator.com\/fr\/","logo":{"@type":"ImageObject","inLanguage":"fr-FR","@id":"https:\/\/resources.purolator.com\/fr\/#\/schema\/logo\/image\/","url":"https:\/\/resources.purolator.com\/wp-content\/uploads\/2019\/10\/Purolator-NRS-rgb_JPEG-format.jpg","contentUrl":"https:\/\/resources.purolator.com\/wp-content\/uploads\/2019\/10\/Purolator-NRS-rgb_JPEG-format.jpg","width":393,"height":54,"caption":"Purolator"},"image":{"@id":"https:\/\/resources.purolator.com\/fr\/#\/schema\/logo\/image\/"},"sameAs":["https:\/\/www.facebook.com\/PurolatorInc","https:\/\/x.com\/PurolatorInc","https:\/\/instagram.com\/purolatorinc","https:\/\/www.linkedin.com\/company\/8948"]}]}},"wpml_current_locale":"fr_FR","wpml_translations":{"en_US":[],"fr_FR":{"locale":"fr_FR","id":6939,"slug":"merci-de-votre-demande-pga-cross-border-compliance-whitepaper","post_title":"Merci de votre demande!","href":"https:\/\/resources.purolator.com\/fr\/merci-de-votre-demande-pga-cross-border-compliance-whitepaper\/"}},"_links":{"self":[{"href":"https:\/\/resources.purolator.com\/fr\/wp-json\/wp\/v2\/pages\/6939","targetHints":{"allow":["GET"]}}],"collection":[{"href":"https:\/\/resources.purolator.com\/fr\/wp-json\/wp\/v2\/pages"}],"about":[{"href":"https:\/\/resources.purolator.com\/fr\/wp-json\/wp\/v2\/types\/page"}],"author":[{"embeddable":true,"href":"https:\/\/resources.purolator.com\/fr\/wp-json\/wp\/v2\/users\/14"}],"replies":[{"embeddable":true,"href":"https:\/\/resources.purolator.com\/fr\/wp-json\/wp\/v2\/comments?post=6939"}],"version-history":[{"count":0,"href":"https:\/\/resources.purolator.com\/fr\/wp-json\/wp\/v2\/pages\/6939\/revisions"}],"wp:featuredmedia":[{"embeddable":true,"href":"https:\/\/resources.purolator.com\/fr\/wp-json\/wp\/v2\/media\/6933"}],"wp:attachment":[{"href":"https:\/\/resources.purolator.com\/fr\/wp-json\/wp\/v2\/media?parent=6939"}],"curies":[{"name":"wp","href":"https:\/\/api.w.org\/{rel}","templated":true}]}}